{"id":69,"date":"2018-06-19T10:44:49","date_gmt":"2018-06-19T08:44:49","guid":{"rendered":"http:\/\/de.schroeder-holding.de?page_id=69"},"modified":"2021-06-30T15:10:13","modified_gmt":"2021-06-30T13:10:13","slug":"contact-us","status":"publish","type":"page","link":"https:\/\/de.schroeder-holding.de\/","title":{"rendered":"Gesch\u00fctzter Bereich"},"content":{"rendered":"\t\t<div data-elementor-type=\"wp-post\" data-elementor-id=\"69\" class=\"elementor elementor-69\" data-elementor-post-type=\"page\">\n\t\t\t\t\t\t<section class=\"elementor-section elementor-top-section elementor-element elementor-element-ac5e214 elementor-section-content-middle elementor-section-height-full elementor-section-full_width elementor-section-height-default elementor-section-items-middle\" data-id=\"ac5e214\" data-element_type=\"section\" data-settings=\"{&quot;background_background&quot;:&quot;slideshow&quot;,&quot;shape_divider_bottom&quot;:&quot;tilt&quot;,&quot;background_slideshow_gallery&quot;:[],&quot;background_slideshow_loop&quot;:&quot;yes&quot;,&quot;background_slideshow_slide_duration&quot;:5000,&quot;background_slideshow_slide_transition&quot;:&quot;fade&quot;,&quot;background_slideshow_transition_duration&quot;:500}\">\n\t\t\t\t\t<div class=\"elementor-shape elementor-shape-bottom\" data-negative=\"false\">\n\t\t\t<svg xmlns=\"http:\/\/www.w3.org\/2000\/svg\" viewBox=\"0 0 1000 100\" preserveAspectRatio=\"none\">\n\t<path class=\"elementor-shape-fill\" d=\"M0,6V0h1000v100L0,6z\"\/>\n<\/svg>\t\t<\/div>\n\t\t\t\t\t<div class=\"elementor-container elementor-column-gap-extended\">\n\t\t\t\t\t<div class=\"aux-parallax-section elementor-column elementor-col-50 elementor-top-column elementor-element elementor-element-8307451\" data-id=\"8307451\" data-element_type=\"column\">\n\t\t\t<div class=\"elementor-widget-wrap elementor-element-populated\">\n\t\t\t\t\t\t<div class=\"elementor-element elementor-element-39c0ca1 elementor-widget elementor-widget-image\" data-id=\"39c0ca1\" data-element_type=\"widget\" data-widget_type=\"image.default\">\n\t\t\t\t<div class=\"elementor-widget-container\">\n\t\t\t\t\t\t\t\t\t\t\t\t\t\t\t<img fetchpriority=\"high\" decoding=\"async\" width=\"900\" height=\"241\" src=\"https:\/\/de.schroeder-holding.de\/wp-content\/uploads\/2021\/06\/SchroederHolding-Logo2.png\" class=\"attachment-full size-full wp-image-2280\" alt=\"\" \/>\t\t\t\t\t\t\t\t\t\t\t\t\t\t\t<\/div>\n\t\t\t\t<\/div>\n\t\t\t\t<div class=\"elementor-element elementor-element-c4a4396 aux-appear-watch-animation aux-fade-in-up elementor-widget elementor-widget-aux_modern_heading\" data-id=\"c4a4396\" data-element_type=\"widget\" data-widget_type=\"aux_modern_heading.default\">\n\t\t\t\t<div class=\"elementor-widget-container\">\n\t\t\t\t\t<section class=\"aux-widget-modern-heading\">\n            <div class=\"aux-widget-inner\"><h2 class=\"aux-modern-heading-primary\"><\/h2><h3 class=\"aux-modern-heading-secondary\"><span class=\"aux-head-before\">Am Puls der Zeit<\/span><\/h3><div class=\"aux-modern-heading-divider\"><\/div><div class=\"aux-modern-heading-description\"><p>Die SCHR\u00d6DER Holding GmbH ist eine Beteiligungsgesellschaft mit Sitz in Landau in der Pfalz. Wir investieren in innovative und nachhaltige Projekte auf nationaler und internationaler Ebene, haupts\u00e4chlich in den Bereichen Erneuerbare Energien, Private Equity und Immobilien. Neben der Profitabilit\u00e4t der Projekte legen wir einen besonderen Fokus auf technische Innovation, Nachhaltigkeit, Gesundheit und ethische Ausrichtung.<\/p><p>Bei den Gespr\u00e4chen mit unseren Gesch\u00e4ftspartnern haben wir immer ein offenes Ohr f\u00fcr neue Ideen f\u00fcr interessante Investments.<\/p><p>F\u00fcr weitergehende Informationen f\u00fcllen Sie bitte nebenstehendes Kontaktformular aus. Wir schicken Ihnen daraufhin ein g\u00fcltiges Passwort f\u00fcr den Zugang auf unsere vollst\u00e4ndige Homepage.<\/p><\/div><\/div>\n        <\/section>\t\t\t\t<\/div>\n\t\t\t\t<\/div>\n\t\t\t\t\t<\/div>\n\t\t<\/div>\n\t\t\t\t<div class=\"aux-parallax-section elementor-column elementor-col-50 elementor-top-column elementor-element elementor-element-1d8fe92 aux-appear-watch-animation aux-scale-down\" data-id=\"1d8fe92\" data-element_type=\"column\">\n\t\t\t<div class=\"elementor-widget-wrap elementor-element-populated\">\n\t\t\t\t\t\t<div class=\"elementor-element elementor-element-6ca1d7d elementor-widget elementor-widget-heading\" data-id=\"6ca1d7d\" data-element_type=\"widget\" data-widget_type=\"heading.default\">\n\t\t\t\t<div class=\"elementor-widget-container\">\n\t\t\t\t\t<h5 class=\"elementor-heading-title elementor-size-default\">Passwort<\/h5>\t\t\t\t<\/div>\n\t\t\t\t<\/div>\n\t\t\t\t<div class=\"elementor-element elementor-element-ee51f91 elementor-widget elementor-widget-html\" data-id=\"ee51f91\" data-element_type=\"widget\" data-widget_type=\"html.default\">\n\t\t\t\t<div class=\"elementor-widget-container\">\n\t\t\t\t\t<script>\r\njQuery('.falsepw').hide();\r\n\r\njQuery(document).ready(function(){\r\n  jQuery(\"#btncheck\").click(function(){\r\n\r\n    var getVal = jQuery(\"#validatepw\").val();\r\n    console.log(getVal);\r\nif(getVal == \"sustainability\"){\r\n     window.location.replace(\"https:\/\/de.schroeder-holding.de\/?page_id=57\");\r\n   } else if(getVal != \"sustainability\") {\r\n       jQuery('.falsepw').show();\r\n   } \r\n  });\r\n   \r\n});\r\n   <\/script>\r\n\r\n\r\n<input type=\"password\" id=\"validatepw\" style=\"background-color: #fff\">\r\n<div class=\"falsepw\">Bitte geben Sie ein korrektes Passwort ein<\/div>\r\n\r\n<style>\r\n    .falsepw {\r\n        display:none;\r\n    }\r\n<\/style>\r\n\t\t\t\t<\/div>\n\t\t\t\t<\/div>\n\t\t\t\t<div class=\"elementor-element elementor-element-604fc9f elementor-widget elementor-widget-aux_modern_button\" data-id=\"604fc9f\" data-element_type=\"widget\" id=\"btncheck\" data-widget_type=\"aux_modern_button.default\">\n\t\t\t\t<div class=\"elementor-widget-container\">\n\t\t\t\t\t    <div class=\"aux-modern-button-wrapper aux-modern-button-align-left\" >\n                    <a class=\"aux-modern-button aux-info aux-modern-button-md aux-modern-button-normal aux-modern-button-default aux-icon-\">\n                <div class=\"aux-overlay\"><\/div>\n                                    <div class=\"aux-icon \">\n                                            <\/div>\n                                <div class=\"aux-text\">\n<span class=\"aux-text-before\">EINLOGGEN<\/span>                <\/div>\n            <\/a>\n            \n    <\/div>\n\n    \t\t\t\t<\/div>\n\t\t\t\t<\/div>\n\t\t\t\t<div class=\"elementor-element elementor-element-589a83e elementor-widget__width-initial show-kontakt elementor-widget elementor-widget-text-editor\" data-id=\"589a83e\" data-element_type=\"widget\" id=\"hiddenBlock\" data-widget_type=\"text-editor.default\">\n\t\t\t\t<div class=\"elementor-widget-container\">\n\t\t\t\t\t\t\t\t\t<p>\n<div class=\"wpcf7 no-js\" id=\"wpcf7-f10-o1\" lang=\"de-DE\" dir=\"ltr\" data-wpcf7-id=\"10\">\n<div class=\"screen-reader-response\"><p role=\"status\" aria-live=\"polite\" aria-atomic=\"true\"><\/p> <ul><\/ul><\/div>\n<form action=\"\/index.php?rest_route=%2Fwp%2Fv2%2Fpages%2F69#wpcf7-f10-o1\" method=\"post\" class=\"wpcf7-form init\" aria-label=\"Kontaktformular\" novalidate=\"novalidate\" data-status=\"init\">\n<div style=\"display: none;\">\n<input type=\"hidden\" name=\"_wpcf7\" value=\"10\" \/>\n<input type=\"hidden\" name=\"_wpcf7_version\" value=\"6.0.4\" \/>\n<input type=\"hidden\" name=\"_wpcf7_locale\" value=\"de_DE\" \/>\n<input type=\"hidden\" name=\"_wpcf7_unit_tag\" value=\"wpcf7-f10-o1\" \/>\n<input type=\"hidden\" name=\"_wpcf7_container_post\" value=\"0\" \/>\n<input type=\"hidden\" name=\"_wpcf7_posted_data_hash\" value=\"\" \/>\n<\/div>\n<div style=\"background: linear-gradient( 45deg, rgb(58, 168, 51), rgb(40, 49, 135)); border-radius: 20px 20px 0px 0px;\">\n\t<h5 style=\"color: #fff; margin-top:-16px!important; font-size: 18px; padding-top: 8px; padding-bottom: 8px; padding-left: 15px; margin-bottom: 0.0em;\">Sie haben eine Frage?<span id=\"closeChatBlock\"><i class=\"fa fa-times\" aria-hidden=\"true\"><\/i><\/span>\n\t<\/h5>\n<\/div>\n<div style =\"background: #232B34\">\n\t<p class=\"showroom-contact-text\" style=\"color: white; font-size: 14px; padding-left: 15px; margin-top: 10px;\">Treten Sie direkt mit uns in Kontakt!\n\t<\/p>\n\t<p><span class=\"wpcf7-form-control-wrap\" data-name=\"ihr-name\"><input size=\"40\" maxlength=\"400\" class=\"wpcf7-form-control wpcf7-text wpcf7-validates-as-required name-ki\" aria-required=\"true\" aria-invalid=\"false\" placeholder=\"Ihr Name...\" value=\"\" type=\"text\" name=\"ihr-name\" \/><\/span>\n\t<\/p>\n\t<p><span class=\"wpcf7-form-control-wrap\" data-name=\"ihre-email\"><input size=\"40\" maxlength=\"400\" class=\"wpcf7-form-control wpcf7-email wpcf7-validates-as-required wpcf7-text wpcf7-validates-as-email email-ki\" aria-required=\"true\" aria-invalid=\"false\" placeholder=\"Ihre Email...\" value=\"\" type=\"email\" name=\"ihre-email\" \/><\/span>\n\t<\/p>\n\t<p><span class=\"wpcf7-form-control-wrap\" data-name=\"ihre-telefonnummer\"><input size=\"40\" maxlength=\"400\" class=\"wpcf7-form-control wpcf7-tel wpcf7-text wpcf7-validates-as-tel tel-ki\" aria-invalid=\"false\" placeholder=\"Ihre Telefonnummer...\" value=\"\" type=\"tel\" name=\"ihre-telefonnummer\" \/><\/span>\n\t<\/p>\n\t<p><span class=\"wpcf7-form-control-wrap\" data-name=\"ihre-nachricht\"><textarea cols=\"10\" rows=\"2\" maxlength=\"2000\" class=\"wpcf7-form-control wpcf7-textarea message-ki\" aria-invalid=\"false\" placeholder=\"Ihre Nachricht...\" name=\"ihre-nachricht\"><\/textarea><\/span>\n\t<\/p>\n\t<p><input class=\"wpcf7-form-control wpcf7-submit has-spinner send-ki\" type=\"submit\" value=\"Senden\" \/>\n\t<\/p>\n<\/div><div class=\"wpcf7-response-output\" aria-hidden=\"true\"><\/div>\n<\/form>\n<\/div>\n<\/p>\t\t\t\t\t\t\t\t<\/div>\n\t\t\t\t<\/div>\n\t\t\t\t<div class=\"aux-sticky-piece elementor-element elementor-element-fb4ab64 elementor-widget__width-initial show-button elementor-view-default elementor-widget elementor-widget-icon\" data-boundaries=\"1\" data-use-transform=\"1\" data-sticky-margin=\"0\" data-sticky-off=\"1024\" data-id=\"fb4ab64\" data-element_type=\"widget\" id=\"showBlock\" data-widget_type=\"icon.default\">\n\t\t\t\t<div class=\"elementor-widget-container\">\n\t\t\t\t\t\t\t<div class=\"elementor-icon-wrapper\">\n\t\t\t<div class=\"elementor-icon\">\n\t\t\t<i aria-hidden=\"true\" class=\"far fa-envelope\"><\/i>\t\t\t<\/div>\n\t\t<\/div>\n\t\t\t\t\t\t<\/div>\n\t\t\t\t<\/div>\n\t\t\t\t<div class=\"elementor-element elementor-element-cdceb39 elementor-widget elementor-widget-spacer\" data-id=\"cdceb39\" data-element_type=\"widget\" data-widget_type=\"spacer.default\">\n\t\t\t\t<div class=\"elementor-widget-container\">\n\t\t\t\t\t\t\t<div class=\"elementor-spacer\">\n\t\t\t<div class=\"elementor-spacer-inner\"><\/div>\n\t\t<\/div>\n\t\t\t\t\t\t<\/div>\n\t\t\t\t<\/div>\n\t\t\t\t\t<\/div>\n\t\t<\/div>\n\t\t\t\t\t<\/div>\n\t\t<\/section>\n\t\t\t\t<\/div>\n\t\t","protected":false},"excerpt":{"rendered":"<p>Am Puls der Zeit Die SCHR\u00d6DER Holding GmbH ist eine Beteiligungsgesellschaft mit Sitz in Landau in der Pfalz. Wir investieren in innovative und nachhaltige Projekte auf nationaler und internationaler Ebene, haupts\u00e4chlich in den Bereichen Erneuerbare Energien, Private Equity und Immobilien. Neben der Profitabilit\u00e4t der Projekte legen wir einen besonderen Fokus auf technische Innovation, Nachhaltigkeit, Gesundheit [&hellip;]<\/p>\n","protected":false},"author":1,"featured_media":0,"parent":0,"menu_order":0,"comment_status":"closed","ping_status":"closed","template":"templates\/page-builder-content.php","meta":{"footnotes":""},"class_list":["post-69","page","type-page","status-publish","hentry"],"_links":{"self":[{"href":"https:\/\/de.schroeder-holding.de\/index.php?rest_route=\/wp\/v2\/pages\/69","targetHints":{"allow":["GET"]}}],"collection":[{"href":"https:\/\/de.schroeder-holding.de\/index.php?rest_route=\/wp\/v2\/pages"}],"about":[{"href":"https:\/\/de.schroeder-holding.de\/index.php?rest_route=\/wp\/v2\/types\/page"}],"author":[{"embeddable":true,"href":"https:\/\/de.schroeder-holding.de\/index.php?rest_route=\/wp\/v2\/users\/1"}],"replies":[{"embeddable":true,"href":"https:\/\/de.schroeder-holding.de\/index.php?rest_route=%2Fwp%2Fv2%2Fcomments&post=69"}],"version-history":[{"count":658,"href":"https:\/\/de.schroeder-holding.de\/index.php?rest_route=\/wp\/v2\/pages\/69\/revisions"}],"predecessor-version":[{"id":2542,"href":"https:\/\/de.schroeder-holding.de\/index.php?rest_route=\/wp\/v2\/pages\/69\/revisions\/2542"}],"wp:attachment":[{"href":"https:\/\/de.schroeder-holding.de\/index.php?rest_route=%2Fwp%2Fv2%2Fmedia&parent=69"}],"curies":[{"name":"wp","href":"https:\/\/api.w.org\/{rel}","templated":true}]}}